{"id":2,"date":"2013-03-20T11:08:14","date_gmt":"2013-03-20T11:08:14","guid":{"rendered":"http:\/\/flofeel.fr\/WordPress3\/\/?page_id=2"},"modified":"2019-09-08T12:39:40","modified_gmt":"2019-09-08T10:39:40","slug":"sujet","status":"publish","type":"page","link":"https:\/\/flofeel.fr\/LeBlog\/sujet\/","title":{"rendered":"\u00c0 ce sujet"},"content":{"rendered":"<p><!--?xml version=\"1.0\" encoding=\"UTF-8\" standalone=\"no\"?--><\/p>\n<div>L\u2019intention de ce blog est de partager un peu du quotidien de mon <a href=\"http:\/\/flofeel.fr\/LeBlog\/mon-atelier\/\">atelier<\/a>.<\/div>\n<div>Parler de quotidien ou d&rsquo;<a href=\"http:\/\/flofeel.fr\/LeBlog\/mon-atelier\/\">atelier<\/a> est un peu facile puisque en v\u00e9rit\u00e9 l\u2019ensemble du propos \u00e9chappe \u00e0 l&rsquo;un comme \u00e0 l&rsquo;autre.<\/div>\n<div>Pour \u00eatre exact, mon atelier n\u2019est pas seulement un lieu physique. C\u2019est la plupart du temps un espace mental o\u00f9 s\u2019\u00e9laborent d\u2019autres espaces mentaux : les \u0153uvres, qui sont ensuite concr\u00e9tis\u00e9es et r\u00e9alis\u00e9es dans le lieu-dit atelier.<\/div>\n<div><\/div>\n<div><\/div>\n<div style=\"text-align: center;\"><a title=\"Mon Atelier\" href=\"http:\/\/flofeel.fr\/LeBlog\/mon-atelier\/\" target=\"_blank\" rel=\"noopener noreferrer\"><img loading=\"lazy\" decoding=\"async\" class=\"aligncenter size-medium wp-image-152\" src=\"http:\/\/flofeel.fr\/LeBlog\/wp-content\/uploads\/2013\/12\/IMG_1928-e1388343704554-225x300.jpg\" alt=\"sculptures en cours\" width=\"225\" height=\"300\" srcset=\"https:\/\/flofeel.fr\/LeBlog\/wp-content\/uploads\/2013\/12\/IMG_1928-e1388343704554-225x300.jpg 225w, https:\/\/flofeel.fr\/LeBlog\/wp-content\/uploads\/2013\/12\/IMG_1928-e1388343704554-768x1024.jpg 768w, https:\/\/flofeel.fr\/LeBlog\/wp-content\/uploads\/2013\/12\/IMG_1928-e1388343704554.jpg 1536w\" sizes=\"auto, (max-width: 225px) 100vw, 225px\" \/><\/a><\/div>\n<div><\/div>\n<div><\/div>\n<div>Si bien que dans ce blog, pour peu qu\u2019on s\u2019y int\u00e9resse, on trouvera autant des traces de cette \u00e9laboration que les \u00e9l\u00e9ments qui peuvent l\u2019enrichir. Tout ceci peut-\u00eatre terriblement disparate. C\u2019est\u00a0 pour cette raison que dans un souci de simplification les articles arriveront de fa\u00e7on chronologique. Le premier accessible \u00e9tant le dernier publi\u00e9, sans autre forme de hi\u00e9rarchie.<\/div>\n<div><\/div>\n<div><\/div>\n<div>J\u2019esp\u00e8re acqu\u00e9rir la pr\u00e9sence d\u2019esprit d\u2019utiliser les technologies \u00e0 ma disposition ( mon t\u00e9l\u00e9phone par exemple) pour capturer en temps r\u00e9el des images de ce qui pourrait \u00eatre significatif, mais dans le cas contraire, quelques mots et un gribouilli peuvent aussi \u00eatre \u00e9vocateurs.<\/div>\n<div><\/div>\n<div><\/div>\n<div>Dans cette note d\u2019intention je tiens \u00e0 remercier infiniment\u00a0<a title=\"site Nadjim\" href=\"http:\/\/www.nadj.im\" target=\"_blank\" rel=\"noopener noreferrer\"><i>Nadjim Isma\u00ebl-Mhadjou<\/i><\/a><i><a title=\"site Nadjim\" href=\"http:\/\/www.nadj.im\" target=\"_blank\" rel=\"noopener noreferrer\"><img loading=\"lazy\" decoding=\"async\" class=\"aligncenter size-medium wp-image-295\" src=\"http:\/\/flofeel.fr\/LeBlog\/wp-content\/uploads\/2014\/02\/Evernote-Camera-Roll-20140221-175926-200x300.jpg\" alt=\"Nadjim - Autoportrait photographique\" width=\"200\" height=\"300\" srcset=\"https:\/\/flofeel.fr\/LeBlog\/wp-content\/uploads\/2014\/02\/Evernote-Camera-Roll-20140221-175926-200x300.jpg 200w, https:\/\/flofeel.fr\/LeBlog\/wp-content\/uploads\/2014\/02\/Evernote-Camera-Roll-20140221-175926.jpg 387w\" sizes=\"auto, (max-width: 200px) 100vw, 200px\" \/><\/a><\/i><i><\/i>\u00a0pour l\u2019\u00e9nergie, l\u2019intelligence et la sensibilit\u00e9 de ses remarques \u00e0 propos de la conception d\u2019un site web.<\/div>\n<div><\/div>\n<div><\/div>\n<div><\/div>\n<div>D\u2019un point de vue g\u00e9ographique depuis plus de quinze ans, on me\u00a0trouve dans les \u00e9tages d\u2019une vieille b\u00e2tisse du Vieux-Lille dont le rez de chauss\u00e9e et le premier \u00e9tage sont occup\u00e9s par un joli bar\u00a0<a title=\"Bar Illustration\" href=\"http:\/\/www.bar-lillustration.fr\" target=\"_blank\" rel=\"noopener noreferrer\"><i>\u00ab\u00a0l\u2019Illustration\u00a0\u00bb<\/i><\/a><\/div>\n<div><\/div>\n<div style=\"text-align: center;\"><a title=\"Bar Illustration\" href=\"http:\/\/www.bar-lillustration.fr\" target=\"_blank\" rel=\"noopener noreferrer\"><img loading=\"lazy\" decoding=\"async\" class=\"aligncenter size-medium wp-image-208\" src=\"http:\/\/flofeel.fr\/LeBlog\/wp-content\/uploads\/2013\/03\/Illustration-photo-300x199.jpg\" alt=\"Illustration bar - Lille\" width=\"300\" height=\"199\" srcset=\"https:\/\/flofeel.fr\/LeBlog\/wp-content\/uploads\/2013\/03\/Illustration-photo-300x199.jpg 300w, https:\/\/flofeel.fr\/LeBlog\/wp-content\/uploads\/2013\/03\/Illustration-photo-1024x682.jpg 1024w, https:\/\/flofeel.fr\/LeBlog\/wp-content\/uploads\/2013\/03\/Illustration-photo-624x415.jpg 624w, https:\/\/flofeel.fr\/LeBlog\/wp-content\/uploads\/2013\/03\/Illustration-photo.jpg 2048w\" sizes=\"auto, (max-width: 300px) 100vw, 300px\" \/><\/a><\/div>\n<div style=\"text-align: center;\"><\/div>\n<div><\/div>\n<div>o\u00f9 j\u2019organise avec une r\u00e9gularit\u00e9 qui m\u2019honore, des expositions d\u2019artistes de mes relations et parfois amis. Et occasionnellement j\u2019y expose moi-m\u00eame aussi\u00a0!<\/div>\n<div><\/div>\n<div><\/div>\n<div>Gr\u00e2ce \u00e0 tout \u00e7a d\u00e8s que j\u2019approche du lieu o\u00f9 je rel\u00e8ve mes manches j\u2019ai le plaisir d\u2019\u00eatre entour\u00e9e d\u2019\u0153uvres tout comme l\u2019aimable client\u00e8le de ce bel endroit.<\/div>\n<div>\n<p>\u00a0<a title=\"Bar l'Illustration\" href=\"http:\/\/www.bar-lillustration.fr\" target=\"_blank\" rel=\"noopener noreferrer\"><img loading=\"lazy\" decoding=\"async\" class=\"aligncenter size-medium wp-image-207\" src=\"http:\/\/flofeel.fr\/LeBlog\/wp-content\/uploads\/2013\/03\/illustration-foto-300x224.jpg\" alt=\"illustration bar - Lille\" width=\"300\" height=\"224\" srcset=\"https:\/\/flofeel.fr\/LeBlog\/wp-content\/uploads\/2013\/03\/illustration-foto-300x224.jpg 300w, https:\/\/flofeel.fr\/LeBlog\/wp-content\/uploads\/2013\/03\/illustration-foto.jpg 535w\" sizes=\"auto, (max-width: 300px) 100vw, 300px\" \/><\/a><\/p>\n<p>Cette note ne serait pas compl\u00e8te si je ne mentionnais pas la Galerie Bl\u00e9 d&rsquo;Or Collection devenue en 2019 <a href=\"https:\/\/www.florence-collections.com\"><em>Galerie Florence Collections<\/em><\/a><a title=\"Galerie Bl\u00e9 d'Or Collection\" href=\"http:\/\/www.bledorcollection.com\" target=\"_blank\" rel=\"noopener noreferrer\"><img loading=\"lazy\" decoding=\"async\" class=\"aligncenter size-medium wp-image-178\" src=\"http:\/\/flofeel.fr\/LeBlog\/wp-content\/uploads\/2013\/03\/FACADE-BLE-DOR-2-300x225.jpg\" alt=\"Facade - Galerie Bl\u00e9 d'Or Collection\" width=\"300\" height=\"225\" srcset=\"https:\/\/flofeel.fr\/LeBlog\/wp-content\/uploads\/2013\/03\/FACADE-BLE-DOR-2-300x225.jpg 300w, https:\/\/flofeel.fr\/LeBlog\/wp-content\/uploads\/2013\/03\/FACADE-BLE-DOR-2-1024x768.jpg 1024w, https:\/\/flofeel.fr\/LeBlog\/wp-content\/uploads\/2013\/03\/FACADE-BLE-DOR-2-624x467.jpg 624w, https:\/\/flofeel.fr\/LeBlog\/wp-content\/uploads\/2013\/03\/FACADE-BLE-DOR-2.jpg 1632w\" sizes=\"auto, (max-width: 300px) 100vw, 300px\" \/><\/a><\/p>\n<\/div>\n<div style=\"text-align: center;\"><\/div>\n<div><\/div>\n<div>On peut-y voir un large aper\u00e7u de mon travail en vrai.<\/div>\n<div>Le terme \u00ab\u00a0en vrai\u00a0\u00bb\u00a0 est d\u2019une importance capitale dans le sens o\u00f9 contrairement \u00e0 ce que voudraient nous faire croire l\u2019univers technologique et son commerce, rien ne vaut l\u2019exp\u00e9rience directe des \u0153uvres. Une peinture, un dessin, une gravure, une sculpture \u00e7a se vit\u00a0! de la m\u00eame mani\u00e8re qu\u2019entendre de la musique enregistr\u00e9e n\u2019a aucun rapport avec la vivre en concert, regarder une image originale c&rsquo;est bien diff\u00e9rent de la voir en photo.<\/div>\n<div style=\"text-align: center;\"><a title=\"Galerie Bl\u00e9 d'Or collection\" href=\"http:\/\/www.bledorcollection.com\" target=\"_blank\" rel=\"noopener noreferrer\"><img loading=\"lazy\" decoding=\"async\" class=\"aligncenter size-medium wp-image-179\" src=\"http:\/\/flofeel.fr\/LeBlog\/wp-content\/uploads\/2013\/03\/20121130_185452-300x225.jpg\" alt=\"20121130_185452\" width=\"300\" height=\"225\" srcset=\"https:\/\/flofeel.fr\/LeBlog\/wp-content\/uploads\/2013\/03\/20121130_185452-300x225.jpg 300w, https:\/\/flofeel.fr\/LeBlog\/wp-content\/uploads\/2013\/03\/20121130_185452-1024x768.jpg 1024w, https:\/\/flofeel.fr\/LeBlog\/wp-content\/uploads\/2013\/03\/20121130_185452-624x467.jpg 624w\" sizes=\"auto, (max-width: 300px) 100vw, 300px\" \/><\/a><\/div>\n<div style=\"text-align: center;\"><\/div>\n<div style=\"text-align: left;\"><\/div>\n<div style=\"text-align: left;\"><\/div>\n<div>Alors rendez-vous \u00e0 la\u00a0<i><a href=\"https:\/\/www.florence-collections.com\">Galerie Florence Collections<\/a>\u00a0ou il<\/i>\u00a0y a des \u0153uvres d\u2019art visuel en vrai. Les miennes et celles d\u2019autres artistes qui ont \u00e9t\u00e9 invit\u00e9s \u00e0 exposer et appr\u00e9cient qu\u2019on voit leur travail dans cet endroit. Richard est l\u00e0 pour vous y accueillir chaque fin de semaine.<\/div>\n<div><\/div>\n<p style=\"text-align: left;\">Mais ici , dans le blog sans se poser de questions sur les mondes r\u00e9els ou virtuels, comme Alice suivant le lapin blanc, nous allons partager des merveilles<\/p>\n<div id=\"attachment_106\" style=\"width: 238px\" class=\"wp-caption aligncenter\"><a title=\"Site Flo\" href=\"http:\/\/www.florencefofana.com\" target=\"_blank\" rel=\"noopener noreferrer\"><img loading=\"lazy\" decoding=\"async\" aria-describedby=\"caption-attachment-106\" class=\"size-medium wp-image-106\" src=\"http:\/\/flofeel.fr\/LeBlog\/wp-content\/uploads\/2013\/06\/w-Alice-et-Leuk-228x300.jpg\" alt=\"Dessin - Aquarelle - Encre - Personnage - Lapin\" width=\"228\" height=\"300\" srcset=\"https:\/\/flofeel.fr\/LeBlog\/wp-content\/uploads\/2013\/06\/w-Alice-et-Leuk-228x300.jpg 228w, https:\/\/flofeel.fr\/LeBlog\/wp-content\/uploads\/2013\/06\/w-Alice-et-Leuk-778x1024.jpg 778w, https:\/\/flofeel.fr\/LeBlog\/wp-content\/uploads\/2013\/06\/w-Alice-et-Leuk-624x820.jpg 624w, https:\/\/flofeel.fr\/LeBlog\/wp-content\/uploads\/2013\/06\/w-Alice-et-Leuk.jpg 1128w\" sizes=\"auto, (max-width: 228px) 100vw, 228px\" \/><\/a><p id=\"caption-attachment-106\" class=\"wp-caption-text\">Alice et Leuk.<\/p><\/div>\n<p>Autant qu&rsquo;a la <a href=\"https:\/\/www.florence-collections.com\"><em>Galerie Florence Collections<\/em><\/a>\u00a0o\u00f9 vous \u00eates bien venus dans mon monde quel qu&rsquo;il soit&#8230;<\/p>\n","protected":false},"excerpt":{"rendered":"<p>L\u2019intention de ce blog est de partager un peu du quotidien de mon atelier. Parler de quotidien ou d&rsquo;atelier est un peu facile puisque en v\u00e9rit\u00e9 l\u2019ensemble du propos \u00e9chappe \u00e0 l&rsquo;un comme \u00e0 l&rsquo;autre. Pour \u00eatre exact, mon atelier n\u2019est pas seulement un lieu physique. C\u2019est la plupart du temps un espace mental o\u00f9 [&hellip;]<\/p>\n","protected":false},"author":2,"featured_media":200,"parent":0,"menu_order":0,"comment_status":"closed","ping_status":"closed","template":"","meta":{"footnotes":""},"class_list":["post-2","page","type-page","status-publish","has-post-thumbnail","hentry"],"_links":{"self":[{"href":"https:\/\/flofeel.fr\/LeBlog\/wp-json\/wp\/v2\/pages\/2","targetHints":{"allow":["GET"]}}],"collection":[{"href":"https:\/\/flofeel.fr\/LeBlog\/wp-json\/wp\/v2\/pages"}],"about":[{"href":"https:\/\/flofeel.fr\/LeBlog\/wp-json\/wp\/v2\/types\/page"}],"author":[{"embeddable":true,"href":"https:\/\/flofeel.fr\/LeBlog\/wp-json\/wp\/v2\/users\/2"}],"replies":[{"embeddable":true,"href":"https:\/\/flofeel.fr\/LeBlog\/wp-json\/wp\/v2\/comments?post=2"}],"version-history":[{"count":46,"href":"https:\/\/flofeel.fr\/LeBlog\/wp-json\/wp\/v2\/pages\/2\/revisions"}],"predecessor-version":[{"id":1354,"href":"https:\/\/flofeel.fr\/LeBlog\/wp-json\/wp\/v2\/pages\/2\/revisions\/1354"}],"wp:featuredmedia":[{"embeddable":true,"href":"https:\/\/flofeel.fr\/LeBlog\/wp-json\/wp\/v2\/media\/200"}],"wp:attachment":[{"href":"https:\/\/flofeel.fr\/LeBlog\/wp-json\/wp\/v2\/media?parent=2"}],"curies":[{"name":"wp","href":"https:\/\/api.w.org\/{rel}","templated":true}]}}